{"id":129,"date":"2024-04-08T14:11:22","date_gmt":"2024-04-08T14:11:22","guid":{"rendered":"https:\/\/dev.infinima.com\/?page_id=129"},"modified":"2026-02-12T12:32:40","modified_gmt":"2026-02-12T16:32:40","slug":"information","status":"publish","type":"page","link":"https:\/\/infinima.com\/en\/renseignements\/","title":{"rendered":"Information"},"content":{"rendered":"<div id=\"div_block-1581-129\" class=\"ct-div-block banner-ctn\" ><div id=\"div_block-1582-129\" class=\"ct-div-block translate-center banner-text-ctn\" ><h1 id=\"headline-1583-129\" class=\"ct-headline banner-title\">Politiques et renseignements g\u00e9n\u00e9raux<\/h1><\/div><\/div><div id=\"div_block-1584-129\" class=\"ct-div-block section-padding-bottom\" ><section id=\"section-1585-129\" class=\" ct-section\" ><div class=\"ct-section-inner-wrap\"><div id=\"_dynamic_list-1971-129\" class=\"oxy-dynamic-list\"><div id=\"div_block-1972-129-1\" class=\"ct-div-block\" data-id=\"div_block-1972-129\"><h4 id=\"headline-1587-129-1\" class=\"ct-headline h4-padding-bottom\" data-id=\"headline-1587-129\"><span id=\"span-1979-129\" class=\"ct-span\" >R\u00e9servation<\/span><\/h4><div id=\"text_block-2366-129-1\" class=\"ct-text-block\" data-id=\"text_block-2366-129\"><span id=\"span-2367-129\" class=\"ct-span\" ><p>Vous d\u00e9sirez vivre l\u2019exp\u00e9rience du Spa Infinima? Rien de plus simple, vous n\u2019avez qu\u2019\u00e0 appuyer sur le bouton \u00ab r\u00e9servez en ligne \u00bb ou composer le 418-651-0001. Lors de la prise de rendez-vous, nous vous demanderons de fournir un num\u00e9ro de carte de cr\u00e9dit et ce, afin de garantir la r\u00e9servation.<\/p>\n<\/span><\/div><\/div><div id=\"div_block-1972-129-2\" class=\"ct-div-block\" data-id=\"div_block-1972-129\"><h4 id=\"headline-1587-129-2\" class=\"ct-headline h4-padding-bottom\" data-id=\"headline-1587-129\"><span id=\"span-1979-129\" class=\"ct-span\" >Bo\u00eete \u00e0 lunch<\/span><\/h4><div id=\"text_block-2366-129-2\" class=\"ct-text-block\" data-id=\"text_block-2366-129\"><span id=\"span-2367-129\" class=\"ct-span\" ><div class=\"flex flex-col text-sm pb-25\">\n<article class=\"text-token-text-primary w-full focus:outline-none [--shadow-height:45px] has-data-writing-block:pointer-events-none has-data-writing-block:-mt-(--shadow-height) has-data-writing-block:pt-(--shadow-height) [&amp;:has([data-writing-block])&gt;*]:pointer-events-auto scroll-mt-[calc(var(--header-height)+min(200px,max(70px,20svh)))]\" dir=\"auto\" tabindex=\"-1\" data-turn-id=\"request-WEB:5b2fd435-0c9a-4f97-87c1-3c41464039b0-5\" data-testid=\"conversation-turn-12\" data-scroll-anchor=\"true\" data-turn=\"assistant\">\n<div class=\"text-base my-auto mx-auto pb-10 [--thread-content-margin:--spacing(4)] @w-sm\/main:[--thread-content-margin:--spacing(6)] @w-lg\/main:[--thread-content-margin:--spacing(16)] px-(--thread-content-margin)\">\n<div class=\"[--thread-content-max-width:40rem] @w-lg\/main:[--thread-content-max-width:48rem] mx-auto max-w-(--thread-content-max-width) flex-1 group\/turn-messages focus-visible:outline-hidden relative flex w-full min-w-0 flex-col agent-turn\" tabindex=\"-1\">\n<div class=\"flex max-w-full flex-col grow\">\n<div class=\"min-h-8 text-message relative flex w-full flex-col items-end gap-2 text-start break-words whitespace-normal [.text-message+&amp;]:mt-1\" dir=\"auto\" data-message-author-role=\"assistant\" data-message-id=\"92d02e25-2e68-4170-995c-d9abd52c1ca2\" data-message-model-slug=\"gpt-5-2\">\n<div class=\"flex w-full flex-col gap-1 empty:hidden first:pt-[1px]\">\n<div class=\"markdown prose dark:prose-invert w-full wrap-break-word light markdown-new-styling\">\n<p data-start=\"0\" data-end=\"331\" data-is-last-node=\"\" data-is-only-node=\"\">Une bo\u00eete \u00e0 lunch du Bistro La Cohue est disponible sur r\u00e9servation. Elle est compos\u00e9e de produits du jour et est offerte au co\u00fbt de 29 $ + taxes. Pour r\u00e9server, veuillez en faire la demande \u00e0 la r\u00e9ception au moins 48 heures avant votre rendez-vous, au 418-651-0001. Veuillez noter qu\u2019aucune autre nourriture ou boisson que celle fournie par le Spa Infinima ou le Bistro La Cohue ne sera admise.<\/p>\n<\/div>\n<\/div>\n<\/div>\n<\/div>\n<div class=\"z-0 flex min-h-[46px] justify-start\"><\/div>\n<div class=\"mt-3 w-full empty:hidden\">\n<div class=\"text-center\"><\/div>\n<\/div>\n<\/div>\n<\/div>\n<\/article>\n<\/div>\n<div class=\"pointer-events-none h-px w-px absolute bottom-0\" aria-hidden=\"true\" data-edge=\"true\"><\/div>\n<\/span><\/div><\/div><div id=\"div_block-1972-129-3\" class=\"ct-div-block\" data-id=\"div_block-1972-129\"><h4 id=\"headline-1587-129-3\" class=\"ct-headline h4-padding-bottom\" data-id=\"headline-1587-129\"><span id=\"span-1979-129\" class=\"ct-span\" >Politique d\u2019annulation<\/span><\/h4><div id=\"text_block-2366-129-3\" class=\"ct-text-block\" data-id=\"text_block-2366-129\"><span id=\"span-2367-129\" class=\"ct-span\" ><p>Nous comprenons que des circonstances peuvent vous emp\u00eacher d'honorer votre rendez-vous. Si vous devez modifier ou annuler votre r\u00e9servation, nous vous permettons d\u2019annuler votre r\u00e9servation sans frais jusqu'\u00e0 48 heures avant l'heure pr\u00e9vue. Si l'annulation est effectu\u00e9e en dehors de ce d\u00e9lai, un montant \u00e9quivalent \u00e0 50% de la valeur de votre r\u00e9servation sera pr\u00e9lev\u00e9 sur votre carte de cr\u00e9dit ou d\u00e9duit du certificat cadeau que vous poss\u00e9dez.<\/p>\n<\/span><\/div><\/div><div id=\"div_block-1972-129-4\" class=\"ct-div-block\" data-id=\"div_block-1972-129\"><h4 id=\"headline-1587-129-4\" class=\"ct-headline h4-padding-bottom\" data-id=\"headline-1587-129\"><span id=\"span-1979-129\" class=\"ct-span\" >Pause sant\u00e9<\/span><\/h4><div id=\"text_block-2366-129-4\" class=\"ct-text-block\" data-id=\"text_block-2366-129\"><span id=\"span-2367-129\" class=\"ct-span\" ><p>La plupart de nos soins et forfaits comprennent une pause sant\u00e9 compos\u00e9e d\u2019un morceau de chocolat, de fruits et d\u2019un m\u00e9lange de noix. Le tout est compl\u00e9t\u00e9 par une tisane ou un jus de fruits.<\/p>\n<\/span><\/div><\/div><div id=\"div_block-1972-129-5\" class=\"ct-div-block\" data-id=\"div_block-1972-129\"><h4 id=\"headline-1587-129-5\" class=\"ct-headline h4-padding-bottom\" data-id=\"headline-1587-129\"><span id=\"span-1979-129\" class=\"ct-span\" >Financement disponible<\/span><\/h4><div id=\"text_block-2366-129-5\" class=\"ct-text-block\" data-id=\"text_block-2366-129\"><span id=\"span-2367-129\" class=\"ct-span\" ><p>Chez <strong>Infinima<\/strong>, nous croyons que chacun m\u00e9rite de se sentir bien dans sa peau sans compromis. C\u2019est pourquoi nous offrons maintenant la possibilit\u00e9 de financer vos soins m\u00e9dico-esth\u00e9tiques \u00e0 partir de <strong>500\u202f$<\/strong>, gr\u00e2ce \u00e0 <strong>Medicard<\/strong>, une solution de financement simple et flexible offerte par <strong>iFinance Canada<\/strong>.<\/p>\n<p><strong>Le financement est offert pour <a href=\"https:\/\/infinima.com\/soins-medico-esthetiques\/\">tous nos soins m\u00e9dico-esth\u00e9tiques<\/a>.<\/strong><\/p>\n<p><strong>Avantages du financement Medicard<\/strong><\/p>\n<ul>\n<li>Financement disponible \u00e0 partir de 500\u202f$<\/li>\n<li>Aucun acompte requis<\/li>\n<li>Approbation rapide en ligne (souvent en quelques minutes)<\/li>\n<li>Taux d\u2019int\u00e9r\u00eat concurrentiels<\/li>\n<li>Paiements mensuel abordables sur 6 \u00e0 84 mois<\/li>\n<li>Aucun impact sur votre cote de cr\u00e9dit pour la demande<\/li>\n<\/ul>\n<p><strong>Comment faire une demande ?<\/strong><\/p>\n<ol>\n<li>Cliquez sur le bouton <strong>Faire une demande de financement<\/strong><\/li>\n<li>Remplissez le formulaire s\u00e9curis\u00e9 en ligne<\/li>\n<li>Choisissez l\u2019option de paiement qui vous convient<\/li>\n<li>Une fois approuv\u00e9, r\u00e9servez votre rendez-vous et payez plus tard en toute tranquillit\u00e9<\/li>\n<\/ol>\n<p>&nbsp;<\/p>\n<div style=\"display: flex; flex-wrap: wrap; gap: 20px;\"><a class=\"btn btn-white btn-outline btn-lvl-3\" href=\"https:\/\/apply.ifinancecanada.com\/20878?lang=fr\" target=\"_blank\" rel=\"noopener\"><strong style=\"color: #fff;\">Faire une demande de financement<\/strong><\/a><br \/>\n<span id=\"show-payment\" class=\"btn btn-white btn-lvl-3\" style=\"cursor: pointer;\">Calculateur de paiements mensuels<\/span><\/div>\n<\/span><\/div><\/div><div id=\"div_block-1972-129-6\" class=\"ct-div-block\" data-id=\"div_block-1972-129\"><h4 id=\"headline-1587-129-6\" class=\"ct-headline h4-padding-bottom\" data-id=\"headline-1587-129\"><span id=\"span-1979-129\" class=\"ct-span\" >Heure d\u2019arriv\u00e9e<\/span><\/h4><div id=\"text_block-2366-129-6\" class=\"ct-text-block\" data-id=\"text_block-2366-129\"><span id=\"span-2367-129\" class=\"ct-span\" ><p>Nous vous demandons de bien vouloir arriver 15 minutes avant votre rendez-vous. De cette fa\u00e7on, vous aurez le temps de remplir notre petit questionnaire et pourrez ainsi commencer \u00e0 vous d\u00e9tendre avant votre soin.<\/p>\n<\/span><\/div><\/div><div id=\"div_block-1972-129-7\" class=\"ct-div-block\" data-id=\"div_block-1972-129\"><h4 id=\"headline-1587-129-7\" class=\"ct-headline h4-padding-bottom\" data-id=\"headline-1587-129\"><span id=\"span-1979-129\" class=\"ct-span\" >Re\u00e7u d'assurances<\/span><\/h4><div id=\"text_block-2366-129-7\" class=\"ct-text-block\" data-id=\"text_block-2366-129\"><span id=\"span-2367-129\" class=\"ct-span\" ><p>Au Spa Infinima, nos massoth\u00e9rapeutes sont certifi\u00e9s et peuvent ainsi remettre des re\u00e7us d\u2019assurance. Saviez-vous que certaines compagnies remboursent jusqu\u2019\u00e0 100 % des frais que vous encourez pour un massage? \u00c0 cet effet, renseignez-vous aupr\u00e8s de votre assureur!<\/p>\n<\/span><\/div><\/div><div id=\"div_block-1972-129-8\" class=\"ct-div-block\" data-id=\"div_block-1972-129\"><h4 id=\"headline-1587-129-8\" class=\"ct-headline h4-padding-bottom\" data-id=\"headline-1587-129\"><span id=\"span-1979-129\" class=\"ct-span\" >Stationnement ext\u00e9rieur gratuit<\/span><\/h4><div id=\"text_block-2366-129-8\" class=\"ct-text-block\" data-id=\"text_block-2366-129\"><span id=\"span-2367-129\" class=\"ct-span\" ><p>Situ\u00e9 au abord du chemin Sainte-Foy, Le Spa Infinima poss\u00e8de un vaste stationnement ext\u00e9rieur et gratuit. Ainsi, vous n\u2019avez pas \u00e0 d\u00e9bourser de frais suppl\u00e9mentaires pour stationner votre v\u00e9hicule et n\u2019aurez pas \u00e0 parcourir une grande distance \u00e0 pied pour atteindre le paradis d\u2019Infinima!<\/p>\n<\/span><\/div><\/div><div id=\"div_block-1972-129-9\" class=\"ct-div-block\" data-id=\"div_block-1972-129\"><h4 id=\"headline-1587-129-9\" class=\"ct-headline h4-padding-bottom\" data-id=\"headline-1587-129\"><span id=\"span-1979-129\" class=\"ct-span\" >Mat\u00e9riel fourni<\/span><\/h4><div id=\"text_block-2366-129-9\" class=\"ct-text-block\" data-id=\"text_block-2366-129\"><span id=\"span-2367-129\" class=\"ct-span\" ><p>\u00c0 votre arriv\u00e9e, une cl\u00e9 de vestiaire vous sera remise. Chaque casier contient une grande serviette de m\u00eame qu'un peignoir. Vous avez choisi d\u2019avoir l\u2019acc\u00e8s au Hammam Infinima? Nous vous remettrons une paire de sandales. De plus, nos vestiaires sont \u00e9quip\u00e9s d\u2019un s\u00e9choir, d\u2019un fer plat de m\u00eame que de tous les produits requis pour votre douche.<\/p>\n<\/span><\/div><\/div><div id=\"div_block-1972-129-10\" class=\"ct-div-block\" data-id=\"div_block-1972-129\"><h4 id=\"headline-1587-129-10\" class=\"ct-headline h4-padding-bottom\" data-id=\"headline-1587-129\"><span id=\"span-1979-129\" class=\"ct-span\" >Client\u00e8le ayant moins de 18 ans<\/span><\/h4><div id=\"text_block-2366-129-10\" class=\"ct-text-block\" data-id=\"text_block-2366-129\"><span id=\"span-2367-129\" class=\"ct-span\" ><p>Au Spa Infinima, les personnes \u00e2g\u00e9es de moins de 18 ans peuvent recevoir des soins. Toutefois, nous n'acceptons pas de mineurs de moins de 14 ans. Si vous avez entre 14 et 18 ans, veuillez nous t\u00e9l\u00e9phoner afin de prendre un rendez-vous. Il est \u00e9galement \u00e0 noter que les mineurs doivent \u00eatre accompagn\u00e9s d\u2019un adulte lors de leur visite.<\/p>\n<\/span><\/div><\/div><div id=\"div_block-1972-129-11\" class=\"ct-div-block\" data-id=\"div_block-1972-129\"><h4 id=\"headline-1587-129-11\" class=\"ct-headline h4-padding-bottom\" data-id=\"headline-1587-129\"><span id=\"span-1979-129\" class=\"ct-span\" >Massages pour femmes enceintes<\/span><\/h4><div id=\"text_block-2366-129-11\" class=\"ct-text-block\" data-id=\"text_block-2366-129\"><span id=\"span-2367-129\" class=\"ct-span\" ><p>Au Spa Infinima, les massages pour femmes enceintes sont propos\u00e9s \u00e0 partir de la 12e semaine de grossesse, assurant ainsi la s\u00e9curit\u00e9 et le confort de la m\u00e8re et de l'enfant. Nos th\u00e9rapeutes, form\u00e9s aux techniques sp\u00e9cifiques \u00e0 la grossesse, s'engagent \u00e0 fournir des soins adapt\u00e9s et s\u00e9curis\u00e9s. La communication ouverte avec nos clients est encourag\u00e9e pour personnaliser l'exp\u00e9rience de massage. Nous veillons \u00e0 respecter les normes de s\u00e9curit\u00e9 et de bien-\u00eatre, tout en \u00e9tant attentifs aux besoins individuels de chaque cliente.<\/p>\n<\/span><\/div><\/div><div id=\"div_block-1972-129-12\" class=\"ct-div-block\" data-id=\"div_block-1972-129\"><h4 id=\"headline-1587-129-12\" class=\"ct-headline h4-padding-bottom\" data-id=\"headline-1587-129\"><span id=\"span-1979-129\" class=\"ct-span\" >Le Meilleur Prix, Garanti!<\/span><\/h4><div id=\"text_block-2366-129-12\" class=\"ct-text-block\" data-id=\"text_block-2366-129\"><span id=\"span-2367-129\" class=\"ct-span\" ><p>Chez Infinima, vous \u00eates assur\u00e9 de profiter du meilleur prix sur nos produits, que ce soit en ligne ou en boutique. Si vous trouvez une offre \u00e9quivalente \u00e0 un tarif inf\u00e9rieur, il vous suffit de nous pr\u00e9senter une preuve, et nous ajusterons le prix sur-le-champ. Votre satisfaction est notre priorit\u00e9!<\/p>\n<\/span><\/div><\/div><div id=\"div_block-1972-129-13\" class=\"ct-div-block\" data-id=\"div_block-1972-129\"><h4 id=\"headline-1587-129-13\" class=\"ct-headline h4-padding-bottom\" data-id=\"headline-1587-129\"><span id=\"span-1979-129\" class=\"ct-span\" >Programme de fid\u00e9lit\u00e9<\/span><\/h4><div id=\"text_block-2366-129-13\" class=\"ct-text-block\" data-id=\"text_block-2366-129\"><span id=\"span-2367-129\" class=\"ct-span\" ><p data-start=\"342\" data-end=\"499\">Pour chaque achat effectu\u00e9 en boutique, vous accumulez des points de fid\u00e9lit\u00e9 dans votre compte client. Pour chaque dollar d\u00e9pens\u00e9, vous recevez 10 points.<\/p>\n<p data-start=\"501\" data-end=\"626\">Les points peuvent \u00eatre utilis\u00e9s sur des produits \u00e0 prix r\u00e9gulier, avec un minimum de 500 points. Ils expirent apr\u00e8s un an.<\/p>\n<p data-start=\"628\" data-end=\"745\">Veuillez noter que les points accumul\u00e9s en boutique et sur notre boutique en ligne sont ind\u00e9pendants l\u2019un de l\u2019autre.<\/p>\n<\/span><\/div><\/div><\/div>\n<\/div><\/section><\/div>\n\t\t<div id=\"payment-calculator\" class=\"oxy-ou-off-canvas oxy-ultimate-element\" ><div class=\"ou-off-canvas-backdrop\"><\/div><div class=\"ou-off-canvas-inner-wrap ou-off-canvas-panel ofc-front\" data-trigger-selector=\"#show-payment\" data-disable-scroll=\"yes\" data-reveal=\"no\">    \t<a href=\"JavaScript: void(0);\" class=\"ocp-close-button\" role=\"button\" title=\"Close\">\n    \t\t    \t\t\t<span class=\"btn-text\"><\/span>\n    \t\t    \t\t    \t\t\t<svg id=\"svg-payment-calculator-129\" class=\"ocp-close-icon\"><use xlink:href=\"#Lineariconsicon-cross\"><\/use><\/svg>\n    \t\t    \t<\/a>\n    <div class=\"oxy-inner-content\"><div id=\"code_block-2767-129\" class=\"ct-code-block\" ><style>\n\/* Styles pour les \u00e9crans de bureau *\/\n.calculator {\nheight: 1000px;\n}\n<\/style>\n<iframe\nsrc=\"https:\/\/apply.medicard.com\/calculator\/loancalculator.html?sp=9363&lang=en\"\nwidth=\"900px\"\nclass=\"calculator\"\nstyle=\"border: none; max-width: 100%\">\n<\/iframe><\/div><\/div><\/div><\/div>\n\n\t\t","protected":false},"excerpt":{"rendered":"","protected":false},"author":1,"featured_media":0,"parent":0,"menu_order":0,"comment_status":"closed","ping_status":"closed","template":"","meta":{"_acf_changed":false,"inline_featured_image":false,"footnotes":""},"class_list":["post-129","page","type-page","status-publish","hentry"],"acf":[],"yoast_head":"<!-- This site is optimized with the Yoast SEO plugin v27.5 - https:\/\/yoast.com\/product\/yoast-seo-wordpress\/ -->\n<title>Politiques et renseignements g\u00e9n\u00e9raux | Le Spa Infinima<\/title>\n<meta name=\"robots\" content=\"index, follow, max-snippet:-1, max-image-preview:large, max-video-preview:-1\" \/>\n<link rel=\"canonical\" href=\"https:\/\/infinima.com\/en\/information\/\" \/>\n<meta property=\"og:locale\" content=\"en_US\" \/>\n<meta property=\"og:type\" content=\"article\" \/>\n<meta property=\"og:title\" content=\"Politiques et renseignements g\u00e9n\u00e9raux | Le Spa Infinima\" \/>\n<meta property=\"og:url\" content=\"https:\/\/infinima.com\/en\/information\/\" \/>\n<meta property=\"og:site_name\" content=\"Infinima\" \/>\n<meta property=\"article:modified_time\" content=\"2026-02-12T16:32:40+00:00\" \/>\n<meta name=\"twitter:card\" content=\"summary_large_image\" \/>\n<meta name=\"twitter:label1\" content=\"Est. reading time\" \/>\n\t<meta name=\"twitter:data1\" content=\"4 minutes\" \/>\n<script type=\"application\/ld+json\" class=\"yoast-schema-graph\">{\"@context\":\"https:\\\/\\\/schema.org\",\"@graph\":[{\"@type\":\"WebPage\",\"@id\":\"https:\\\/\\\/infinima.com\\\/renseignements\\\/\",\"url\":\"https:\\\/\\\/infinima.com\\\/renseignements\\\/\",\"name\":\"Politiques et renseignements g\u00e9n\u00e9raux | Le Spa Infinima\",\"isPartOf\":{\"@id\":\"https:\\\/\\\/infinima.com\\\/#website\"},\"datePublished\":\"2024-04-08T14:11:22+00:00\",\"dateModified\":\"2026-02-12T16:32:40+00:00\",\"breadcrumb\":{\"@id\":\"https:\\\/\\\/infinima.com\\\/renseignements\\\/#breadcrumb\"},\"inLanguage\":\"en-CA\",\"potentialAction\":[{\"@type\":\"ReadAction\",\"target\":[\"https:\\\/\\\/infinima.com\\\/renseignements\\\/\"]}]},{\"@type\":\"BreadcrumbList\",\"@id\":\"https:\\\/\\\/infinima.com\\\/renseignements\\\/#breadcrumb\",\"itemListElement\":[{\"@type\":\"ListItem\",\"position\":1,\"name\":\"Home\",\"item\":\"https:\\\/\\\/infinima.com\\\/\"},{\"@type\":\"ListItem\",\"position\":2,\"name\":\"Renseignements\"}]},{\"@type\":\"WebSite\",\"@id\":\"https:\\\/\\\/infinima.com\\\/#website\",\"url\":\"https:\\\/\\\/infinima.com\\\/\",\"name\":\"Infinima\",\"description\":\"\",\"potentialAction\":[{\"@type\":\"SearchAction\",\"target\":{\"@type\":\"EntryPoint\",\"urlTemplate\":\"https:\\\/\\\/infinima.com\\\/?s={search_term_string}\"},\"query-input\":{\"@type\":\"PropertyValueSpecification\",\"valueRequired\":true,\"valueName\":\"search_term_string\"}}],\"inLanguage\":\"en-CA\"}]}<\/script>\n<!-- \/ Yoast SEO plugin. -->","yoast_head_json":{"title":"Policies and general information | Le Spa Infinima","robots":{"index":"index","follow":"follow","max-snippet":"max-snippet:-1","max-image-preview":"max-image-preview:large","max-video-preview":"max-video-preview:-1"},"canonical":"https:\/\/infinima.com\/en\/information\/","og_locale":"en_US","og_type":"article","og_title":"Politiques et renseignements g\u00e9n\u00e9raux | Le Spa Infinima","og_url":"https:\/\/infinima.com\/en\/information\/","og_site_name":"Infinima","article_modified_time":"2026-02-12T16:32:40+00:00","twitter_card":"summary_large_image","twitter_misc":{"Est. reading time":"4 minutes"},"schema":{"@context":"https:\/\/schema.org","@graph":[{"@type":"WebPage","@id":"https:\/\/infinima.com\/renseignements\/","url":"https:\/\/infinima.com\/renseignements\/","name":"Policies and general information | Le Spa Infinima","isPartOf":{"@id":"https:\/\/infinima.com\/#website"},"datePublished":"2024-04-08T14:11:22+00:00","dateModified":"2026-02-12T16:32:40+00:00","breadcrumb":{"@id":"https:\/\/infinima.com\/renseignements\/#breadcrumb"},"inLanguage":"en-CA","potentialAction":[{"@type":"ReadAction","target":["https:\/\/infinima.com\/renseignements\/"]}]},{"@type":"BreadcrumbList","@id":"https:\/\/infinima.com\/renseignements\/#breadcrumb","itemListElement":[{"@type":"ListItem","position":1,"name":"Home","item":"https:\/\/infinima.com\/"},{"@type":"ListItem","position":2,"name":"Renseignements"}]},{"@type":"WebSite","@id":"https:\/\/infinima.com\/#website","url":"https:\/\/infinima.com\/","name":"Infinima","description":"","potentialAction":[{"@type":"SearchAction","target":{"@type":"EntryPoint","urlTemplate":"https:\/\/infinima.com\/?s={search_term_string}"},"query-input":{"@type":"PropertyValueSpecification","valueRequired":true,"valueName":"search_term_string"}}],"inLanguage":"en-CA"}]}},"_links":{"self":[{"href":"https:\/\/infinima.com\/en\/wp-json\/wp\/v2\/pages\/129","targetHints":{"allow":["GET"]}}],"collection":[{"href":"https:\/\/infinima.com\/en\/wp-json\/wp\/v2\/pages"}],"about":[{"href":"https:\/\/infinima.com\/en\/wp-json\/wp\/v2\/types\/page"}],"author":[{"embeddable":true,"href":"https:\/\/infinima.com\/en\/wp-json\/wp\/v2\/users\/1"}],"replies":[{"embeddable":true,"href":"https:\/\/infinima.com\/en\/wp-json\/wp\/v2\/comments?post=129"}],"version-history":[{"count":41,"href":"https:\/\/infinima.com\/en\/wp-json\/wp\/v2\/pages\/129\/revisions"}],"predecessor-version":[{"id":9024,"href":"https:\/\/infinima.com\/en\/wp-json\/wp\/v2\/pages\/129\/revisions\/9024"}],"wp:attachment":[{"href":"https:\/\/infinima.com\/en\/wp-json\/wp\/v2\/media?parent=129"}],"curies":[{"name":"wp","href":"https:\/\/api.w.org\/{rel}","templated":true}]}}