{"id":9051,"date":"2026-03-18T17:13:43","date_gmt":"2026-03-18T21:13:43","guid":{"rendered":"https:\/\/infinima.com\/?page_id=9051"},"modified":"2026-03-18T17:13:44","modified_gmt":"2026-03-18T21:13:44","slug":"massage-quebec","status":"publish","type":"page","link":"https:\/\/infinima.com\/en\/massage-quebec\/","title":{"rendered":"Massage in Quebec City"},"content":{"rendered":"","protected":false},"excerpt":{"rendered":"","protected":false},"author":8,"featured_media":0,"parent":0,"menu_order":0,"comment_status":"closed","ping_status":"closed","template":"","meta":{"_acf_changed":false,"inline_featured_image":false,"footnotes":""},"class_list":["post-9051","page","type-page","status-publish","hentry"],"acf":[],"yoast_head":"<!-- This site is optimized with the Yoast SEO plugin v27.4 - https:\/\/yoast.com\/product\/yoast-seo-wordpress\/ -->\n<title>Massage \u00e0 Qu\u00e9bec | Spa Infinima - Massoth\u00e9rapie et Bains Nordiques \u00e0 Sainte-Foy<\/title>\n<meta name=\"description\" content=\"Le Spa Infinima offre une exp\u00e9rience compl\u00e8te de massage \u00e0 Qu\u00e9bec combinant massoth\u00e9rapeutes certifi\u00e9s et bains nordiques int\u00e9rieurs. Massages et forfaits sur mesure. D\u00e9couvrez notre massoth\u00e9rapie \u00e0 Sainte-Foy et r\u00e9servez en ligne.\" \/>\n<meta name=\"robots\" content=\"index, follow, max-snippet:-1, max-image-preview:large, max-video-preview:-1\" \/>\n<link rel=\"canonical\" href=\"https:\/\/infinima.com\/en\/massage-quebec\/\" \/>\n<meta property=\"og:locale\" content=\"en_US\" \/>\n<meta property=\"og:type\" content=\"article\" \/>\n<meta property=\"og:title\" content=\"Massage \u00e0 Qu\u00e9bec | Spa Infinima - Massoth\u00e9rapie et Bains Nordiques \u00e0 Sainte-Foy\" \/>\n<meta property=\"og:description\" content=\"Le Spa Infinima offre une exp\u00e9rience compl\u00e8te de massage \u00e0 Qu\u00e9bec combinant massoth\u00e9rapeutes certifi\u00e9s et bains nordiques int\u00e9rieurs. Massages et forfaits sur mesure. D\u00e9couvrez notre massoth\u00e9rapie \u00e0 Sainte-Foy et r\u00e9servez en ligne.\" \/>\n<meta property=\"og:url\" content=\"https:\/\/infinima.com\/en\/massage-quebec\/\" \/>\n<meta property=\"og:site_name\" content=\"Infinima\" \/>\n<meta property=\"article:modified_time\" content=\"2026-03-18T21:13:44+00:00\" \/>\n<meta name=\"twitter:card\" content=\"summary_large_image\" \/>\n<meta name=\"twitter:label1\" content=\"Est. reading time\" \/>\n\t<meta name=\"twitter:data1\" content=\"18 minutes\" \/>\n<script type=\"application\/ld+json\" class=\"yoast-schema-graph\">{\"@context\":\"https:\\\/\\\/schema.org\",\"@graph\":[{\"@type\":\"WebPage\",\"@id\":\"https:\\\/\\\/infinima.com\\\/massage-quebec\\\/\",\"url\":\"https:\\\/\\\/infinima.com\\\/massage-quebec\\\/\",\"name\":\"Massage \u00e0 Qu\u00e9bec | Spa Infinima - Massoth\u00e9rapie et Bains Nordiques \u00e0 Sainte-Foy\",\"isPartOf\":{\"@id\":\"https:\\\/\\\/infinima.com\\\/#website\"},\"datePublished\":\"2026-03-18T21:13:43+00:00\",\"dateModified\":\"2026-03-18T21:13:44+00:00\",\"description\":\"Le Spa Infinima offre une exp\u00e9rience compl\u00e8te de massage \u00e0 Qu\u00e9bec combinant massoth\u00e9rapeutes certifi\u00e9s et bains nordiques int\u00e9rieurs. Massages et forfaits sur mesure. D\u00e9couvrez notre massoth\u00e9rapie \u00e0 Sainte-Foy et r\u00e9servez en ligne.\",\"breadcrumb\":{\"@id\":\"https:\\\/\\\/infinima.com\\\/massage-quebec\\\/#breadcrumb\"},\"inLanguage\":\"en-CA\",\"potentialAction\":[{\"@type\":\"ReadAction\",\"target\":[\"https:\\\/\\\/infinima.com\\\/massage-quebec\\\/\"]}]},{\"@type\":\"BreadcrumbList\",\"@id\":\"https:\\\/\\\/infinima.com\\\/massage-quebec\\\/#breadcrumb\",\"itemListElement\":[{\"@type\":\"ListItem\",\"position\":1,\"name\":\"Home\",\"item\":\"https:\\\/\\\/infinima.com\\\/\"},{\"@type\":\"ListItem\",\"position\":2,\"name\":\"Massage \u00e0 Qu\u00e9bec\"}]},{\"@type\":\"WebSite\",\"@id\":\"https:\\\/\\\/infinima.com\\\/#website\",\"url\":\"https:\\\/\\\/infinima.com\\\/\",\"name\":\"Infinima\",\"description\":\"\",\"potentialAction\":[{\"@type\":\"SearchAction\",\"target\":{\"@type\":\"EntryPoint\",\"urlTemplate\":\"https:\\\/\\\/infinima.com\\\/?s={search_term_string}\"},\"query-input\":{\"@type\":\"PropertyValueSpecification\",\"valueRequired\":true,\"valueName\":\"search_term_string\"}}],\"inLanguage\":\"en-CA\"}]}<\/script>\n<!-- \/ Yoast SEO plugin. -->","yoast_head_json":{"title":"Massage in Quebec City | Spa Infinima - Massage Therapy &amp; Nordic Baths in Sainte-Foy","description":"Spa Infinima offers a complete massage experience in Quebec City combining certified massage therapists and indoor nordic baths. Custom massages and spa packages. Discover our massage therapy in Sainte-Foy and book online.","robots":{"index":"index","follow":"follow","max-snippet":"max-snippet:-1","max-image-preview":"max-image-preview:large","max-video-preview":"max-video-preview:-1"},"canonical":"https:\/\/infinima.com\/en\/massage-quebec\/","og_locale":"en_US","og_type":"article","og_title":"Massage \u00e0 Qu\u00e9bec | Spa Infinima - Massoth\u00e9rapie et Bains Nordiques \u00e0 Sainte-Foy","og_description":"Le Spa Infinima offre une exp\u00e9rience compl\u00e8te de massage \u00e0 Qu\u00e9bec combinant massoth\u00e9rapeutes certifi\u00e9s et bains nordiques int\u00e9rieurs. Massages et forfaits sur mesure. D\u00e9couvrez notre massoth\u00e9rapie \u00e0 Sainte-Foy et r\u00e9servez en ligne.","og_url":"https:\/\/infinima.com\/en\/massage-quebec\/","og_site_name":"Infinima","article_modified_time":"2026-03-18T21:13:44+00:00","twitter_card":"summary_large_image","twitter_misc":{"Est. reading time":"18 minutes"},"schema":{"@context":"https:\/\/schema.org","@graph":[{"@type":"WebPage","@id":"https:\/\/infinima.com\/massage-quebec\/","url":"https:\/\/infinima.com\/massage-quebec\/","name":"Massage in Quebec City | Spa Infinima - Massage Therapy &amp; Nordic Baths in Sainte-Foy","isPartOf":{"@id":"https:\/\/infinima.com\/#website"},"datePublished":"2026-03-18T21:13:43+00:00","dateModified":"2026-03-18T21:13:44+00:00","description":"Spa Infinima offers a complete massage experience in Quebec City combining certified massage therapists and indoor nordic baths. Custom massages and spa packages. Discover our massage therapy in Sainte-Foy and book online.","breadcrumb":{"@id":"https:\/\/infinima.com\/massage-quebec\/#breadcrumb"},"inLanguage":"en-CA","potentialAction":[{"@type":"ReadAction","target":["https:\/\/infinima.com\/massage-quebec\/"]}]},{"@type":"BreadcrumbList","@id":"https:\/\/infinima.com\/massage-quebec\/#breadcrumb","itemListElement":[{"@type":"ListItem","position":1,"name":"Home","item":"https:\/\/infinima.com\/"},{"@type":"ListItem","position":2,"name":"Massage \u00e0 Qu\u00e9bec"}]},{"@type":"WebSite","@id":"https:\/\/infinima.com\/#website","url":"https:\/\/infinima.com\/","name":"Infinima","description":"","potentialAction":[{"@type":"SearchAction","target":{"@type":"EntryPoint","urlTemplate":"https:\/\/infinima.com\/?s={search_term_string}"},"query-input":{"@type":"PropertyValueSpecification","valueRequired":true,"valueName":"search_term_string"}}],"inLanguage":"en-CA"}]}},"_links":{"self":[{"href":"https:\/\/infinima.com\/en\/wp-json\/wp\/v2\/pages\/9051","targetHints":{"allow":["GET"]}}],"collection":[{"href":"https:\/\/infinima.com\/en\/wp-json\/wp\/v2\/pages"}],"about":[{"href":"https:\/\/infinima.com\/en\/wp-json\/wp\/v2\/types\/page"}],"author":[{"embeddable":true,"href":"https:\/\/infinima.com\/en\/wp-json\/wp\/v2\/users\/8"}],"replies":[{"embeddable":true,"href":"https:\/\/infinima.com\/en\/wp-json\/wp\/v2\/comments?post=9051"}],"version-history":[{"count":1,"href":"https:\/\/infinima.com\/en\/wp-json\/wp\/v2\/pages\/9051\/revisions"}],"predecessor-version":[{"id":9052,"href":"https:\/\/infinima.com\/en\/wp-json\/wp\/v2\/pages\/9051\/revisions\/9052"}],"wp:attachment":[{"href":"https:\/\/infinima.com\/en\/wp-json\/wp\/v2\/media?parent=9051"}],"curies":[{"name":"wp","href":"https:\/\/api.w.org\/{rel}","templated":true}]}}