{"id":9055,"date":"2026-03-18T20:45:32","date_gmt":"2026-03-19T00:45:32","guid":{"rendered":"https:\/\/infinima.com\/?page_id=9055"},"modified":"2026-03-18T20:45:33","modified_gmt":"2026-03-19T00:45:33","slug":"laser-hair-removal-quebec-city","status":"publish","type":"page","link":"https:\/\/infinima.com\/en\/epilation-au-laser-quebec\/","title":{"rendered":"Laser Hair Removal"},"content":{"rendered":"","protected":false},"excerpt":{"rendered":"","protected":false},"author":8,"featured_media":0,"parent":0,"menu_order":0,"comment_status":"closed","ping_status":"closed","template":"","meta":{"_acf_changed":false,"inline_featured_image":false,"footnotes":""},"class_list":["post-9055","page","type-page","status-publish","hentry"],"acf":[],"yoast_head":"<!-- This site is optimized with the Yoast SEO plugin v27.4 - https:\/\/yoast.com\/product\/yoast-seo-wordpress\/ -->\n<title>\u00c9pilation au Laser \u00e0 Qu\u00e9bec | Spa Infinima - Votre S\u00e9ance d\u2019\u00c9pilation Laser \u00e0 Sainte-Foy<\/title>\n<meta name=\"description\" content=\"L&#039;\u00e9pilation au laser offre une r\u00e9duction permanente de la pilosit\u00e9 ind\u00e9sirable d\u00e8s les premi\u00e8res s\u00e9ances. Chez Infinima, chaque s\u00e9ance d\u2019\u00e9pilation au laser \u00e0 Qu\u00e9bec est adapt\u00e9e \u00e0 votre peau par nos techniciennes qualifi\u00e9es. R\u00e9servez votre consultation.\" \/>\n<meta name=\"robots\" content=\"index, follow, max-snippet:-1, max-image-preview:large, max-video-preview:-1\" \/>\n<link rel=\"canonical\" href=\"https:\/\/infinima.com\/en\/laser-hair-removal-quebec-city\/\" \/>\n<meta property=\"og:locale\" content=\"en_US\" \/>\n<meta property=\"og:type\" content=\"article\" \/>\n<meta property=\"og:title\" content=\"\u00c9pilation au Laser \u00e0 Qu\u00e9bec | Spa Infinima - Votre S\u00e9ance d\u2019\u00c9pilation Laser \u00e0 Sainte-Foy\" \/>\n<meta property=\"og:description\" content=\"L&#039;\u00e9pilation au laser offre une r\u00e9duction permanente de la pilosit\u00e9 ind\u00e9sirable d\u00e8s les premi\u00e8res s\u00e9ances. Chez Infinima, chaque s\u00e9ance d\u2019\u00e9pilation au laser \u00e0 Qu\u00e9bec est adapt\u00e9e \u00e0 votre peau par nos techniciennes qualifi\u00e9es. R\u00e9servez votre consultation.\" \/>\n<meta property=\"og:url\" content=\"https:\/\/infinima.com\/en\/laser-hair-removal-quebec-city\/\" \/>\n<meta property=\"og:site_name\" content=\"Infinima\" \/>\n<meta property=\"article:modified_time\" content=\"2026-03-19T00:45:33+00:00\" \/>\n<meta name=\"twitter:card\" content=\"summary_large_image\" \/>\n<meta name=\"twitter:label1\" content=\"Est. reading time\" \/>\n\t<meta name=\"twitter:data1\" content=\"16 minutes\" \/>\n<script type=\"application\/ld+json\" class=\"yoast-schema-graph\">{\"@context\":\"https:\\\/\\\/schema.org\",\"@graph\":[{\"@type\":\"WebPage\",\"@id\":\"https:\\\/\\\/infinima.com\\\/epilation-au-laser-quebec\\\/\",\"url\":\"https:\\\/\\\/infinima.com\\\/epilation-au-laser-quebec\\\/\",\"name\":\"\u00c9pilation au Laser \u00e0 Qu\u00e9bec | Spa Infinima - Votre S\u00e9ance d\u2019\u00c9pilation Laser \u00e0 Sainte-Foy\",\"isPartOf\":{\"@id\":\"https:\\\/\\\/infinima.com\\\/#website\"},\"datePublished\":\"2026-03-19T00:45:32+00:00\",\"dateModified\":\"2026-03-19T00:45:33+00:00\",\"description\":\"L'\u00e9pilation au laser offre une r\u00e9duction permanente de la pilosit\u00e9 ind\u00e9sirable d\u00e8s les premi\u00e8res s\u00e9ances. Chez Infinima, chaque s\u00e9ance d\u2019\u00e9pilation au laser \u00e0 Qu\u00e9bec est adapt\u00e9e \u00e0 votre peau par nos techniciennes qualifi\u00e9es. R\u00e9servez votre consultation.\",\"breadcrumb\":{\"@id\":\"https:\\\/\\\/infinima.com\\\/epilation-au-laser-quebec\\\/#breadcrumb\"},\"inLanguage\":\"en-CA\",\"potentialAction\":[{\"@type\":\"ReadAction\",\"target\":[\"https:\\\/\\\/infinima.com\\\/epilation-au-laser-quebec\\\/\"]}]},{\"@type\":\"BreadcrumbList\",\"@id\":\"https:\\\/\\\/infinima.com\\\/epilation-au-laser-quebec\\\/#breadcrumb\",\"itemListElement\":[{\"@type\":\"ListItem\",\"position\":1,\"name\":\"Home\",\"item\":\"https:\\\/\\\/infinima.com\\\/\"},{\"@type\":\"ListItem\",\"position\":2,\"name\":\"\u00c9pilation au Laser\"}]},{\"@type\":\"WebSite\",\"@id\":\"https:\\\/\\\/infinima.com\\\/#website\",\"url\":\"https:\\\/\\\/infinima.com\\\/\",\"name\":\"Infinima\",\"description\":\"\",\"potentialAction\":[{\"@type\":\"SearchAction\",\"target\":{\"@type\":\"EntryPoint\",\"urlTemplate\":\"https:\\\/\\\/infinima.com\\\/?s={search_term_string}\"},\"query-input\":{\"@type\":\"PropertyValueSpecification\",\"valueRequired\":true,\"valueName\":\"search_term_string\"}}],\"inLanguage\":\"en-CA\"}]}<\/script>\n<!-- \/ Yoast SEO plugin. -->","yoast_head_json":{"title":"Laser Hair Removal in Quebec City | Spa Infinima - Your Laser Hair Removal Session in Sainte-Foy","description":"Laser hair removal offers permanent reduction of unwanted hair from the very first sessions. At Infinima, each laser hair removal session in Quebec City is tailored to your skin by our qualified technicians. Book your consultation today.","robots":{"index":"index","follow":"follow","max-snippet":"max-snippet:-1","max-image-preview":"max-image-preview:large","max-video-preview":"max-video-preview:-1"},"canonical":"https:\/\/infinima.com\/en\/laser-hair-removal-quebec-city\/","og_locale":"en_US","og_type":"article","og_title":"\u00c9pilation au Laser \u00e0 Qu\u00e9bec | Spa Infinima - Votre S\u00e9ance d\u2019\u00c9pilation Laser \u00e0 Sainte-Foy","og_description":"L'\u00e9pilation au laser offre une r\u00e9duction permanente de la pilosit\u00e9 ind\u00e9sirable d\u00e8s les premi\u00e8res s\u00e9ances. Chez Infinima, chaque s\u00e9ance d\u2019\u00e9pilation au laser \u00e0 Qu\u00e9bec est adapt\u00e9e \u00e0 votre peau par nos techniciennes qualifi\u00e9es. R\u00e9servez votre consultation.","og_url":"https:\/\/infinima.com\/en\/laser-hair-removal-quebec-city\/","og_site_name":"Infinima","article_modified_time":"2026-03-19T00:45:33+00:00","twitter_card":"summary_large_image","twitter_misc":{"Est. reading time":"16 minutes"},"schema":{"@context":"https:\/\/schema.org","@graph":[{"@type":"WebPage","@id":"https:\/\/infinima.com\/epilation-au-laser-quebec\/","url":"https:\/\/infinima.com\/epilation-au-laser-quebec\/","name":"Laser Hair Removal in Quebec City | Spa Infinima - Your Laser Hair Removal Session in Sainte-Foy","isPartOf":{"@id":"https:\/\/infinima.com\/#website"},"datePublished":"2026-03-19T00:45:32+00:00","dateModified":"2026-03-19T00:45:33+00:00","description":"Laser hair removal offers permanent reduction of unwanted hair from the very first sessions. At Infinima, each laser hair removal session in Quebec City is tailored to your skin by our qualified technicians. Book your consultation today.","breadcrumb":{"@id":"https:\/\/infinima.com\/epilation-au-laser-quebec\/#breadcrumb"},"inLanguage":"en-CA","potentialAction":[{"@type":"ReadAction","target":["https:\/\/infinima.com\/epilation-au-laser-quebec\/"]}]},{"@type":"BreadcrumbList","@id":"https:\/\/infinima.com\/epilation-au-laser-quebec\/#breadcrumb","itemListElement":[{"@type":"ListItem","position":1,"name":"Home","item":"https:\/\/infinima.com\/"},{"@type":"ListItem","position":2,"name":"\u00c9pilation au Laser"}]},{"@type":"WebSite","@id":"https:\/\/infinima.com\/#website","url":"https:\/\/infinima.com\/","name":"Infinima","description":"","potentialAction":[{"@type":"SearchAction","target":{"@type":"EntryPoint","urlTemplate":"https:\/\/infinima.com\/?s={search_term_string}"},"query-input":{"@type":"PropertyValueSpecification","valueRequired":true,"valueName":"search_term_string"}}],"inLanguage":"en-CA"}]}},"_links":{"self":[{"href":"https:\/\/infinima.com\/en\/wp-json\/wp\/v2\/pages\/9055","targetHints":{"allow":["GET"]}}],"collection":[{"href":"https:\/\/infinima.com\/en\/wp-json\/wp\/v2\/pages"}],"about":[{"href":"https:\/\/infinima.com\/en\/wp-json\/wp\/v2\/types\/page"}],"author":[{"embeddable":true,"href":"https:\/\/infinima.com\/en\/wp-json\/wp\/v2\/users\/8"}],"replies":[{"embeddable":true,"href":"https:\/\/infinima.com\/en\/wp-json\/wp\/v2\/comments?post=9055"}],"version-history":[{"count":1,"href":"https:\/\/infinima.com\/en\/wp-json\/wp\/v2\/pages\/9055\/revisions"}],"predecessor-version":[{"id":9056,"href":"https:\/\/infinima.com\/en\/wp-json\/wp\/v2\/pages\/9055\/revisions\/9056"}],"wp:attachment":[{"href":"https:\/\/infinima.com\/en\/wp-json\/wp\/v2\/media?parent=9055"}],"curies":[{"name":"wp","href":"https:\/\/api.w.org\/{rel}","templated":true}]}}